{"id":478,"date":"2024-03-26T01:58:38","date_gmt":"2024-03-26T01:58:38","guid":{"rendered":"https:\/\/farandula.restaurant\/producto\/machoman\/"},"modified":"2024-03-26T23:51:43","modified_gmt":"2024-03-26T23:51:43","slug":"machoman","status":"publish","type":"product","link":"https:\/\/farandula.restaurant\/en\/product\/machoman\/","title":{"rendered":"Machoman"},"content":{"rendered":"<p>(Monastrell) (Casa Rojo- D.O. Murcia) Selected best Spanish wine in its category in Germany, it is the most \"rocking\" and freshest expression of the Monastrell grape. 12 months in French and American oak barrels. Long in the mouth. Oh yeeeah!<\/p>","protected":false},"excerpt":{"rendered":"<p>(Monastrell) (Casa Rojo- D.O. Murcia) Selected best Spanish wine in its category in Germany, it is the most \"rocking\" and freshest expression of the Monastrell grape. 12 months in French and American oak barrels. Long in the mouth. Oh yeeeah!<\/p>","protected":false},"featured_media":0,"comment_status":"open","ping_status":"closed","template":"","meta":[],"product_brand":[],"product_cat":[31],"product_tag":[],"class_list":{"0":"post-478","1":"product","2":"type-product","3":"status-publish","5":"product_cat-vino-tinto","7":"first","8":"instock","9":"shipping-taxable","10":"purchasable","11":"product-type-simple"},"yoast_head":"<!-- This site is optimized with the Yoast SEO plugin v25.2 - https:\/\/yoast.com\/wordpress\/plugins\/seo\/ -->\n<title>Machoman - Restaurante Far\u00e1ndula<\/title>\n<meta name=\"robots\" content=\"noindex, follow, max-snippet:-1, max-image-preview:large, max-video-preview:-1\" \/>\n<meta property=\"og:locale\" content=\"en_GB\" \/>\n<meta property=\"og:type\" content=\"article\" \/>\n<meta property=\"og:title\" content=\"Machoman - Restaurante Far\u00e1ndula\" \/>\n<meta property=\"og:description\" content=\"(Monastrell) (Casa Rojo- D.O. Murcia) Seleccionado mejor vino de Espa\u00f1a en su categor\u00eda en Alemania, es la expresi\u00f3n mas \u00abrockera\u00bb y fresca de la monastrell. 12 meses de barrica de roble franc\u00e9s y americano. Largo en la boca. \u00a1Oh yeeeah!\" \/>\n<meta property=\"og:url\" content=\"https:\/\/farandula.restaurant\/en\/product\/machoman\/\" \/>\n<meta property=\"og:site_name\" content=\"Restaurante Far\u00e1ndula\" \/>\n<meta property=\"article:modified_time\" content=\"2024-03-26T23:51:43+00:00\" \/>\n<meta name=\"twitter:card\" content=\"summary_large_image\" \/>\n<script type=\"application\/ld+json\" class=\"yoast-schema-graph\">{\"@context\":\"https:\/\/schema.org\",\"@graph\":[{\"@type\":\"WebPage\",\"@id\":\"https:\/\/farandula.restaurant\/producto\/machoman\/\",\"url\":\"https:\/\/farandula.restaurant\/producto\/machoman\/\",\"name\":\"Machoman - Restaurante Far\u00e1ndula\",\"isPartOf\":{\"@id\":\"https:\/\/farandula.restaurant\/#website\"},\"datePublished\":\"2024-03-26T01:58:38+00:00\",\"dateModified\":\"2024-03-26T23:51:43+00:00\",\"breadcrumb\":{\"@id\":\"https:\/\/farandula.restaurant\/producto\/machoman\/#breadcrumb\"},\"inLanguage\":\"en-GB\",\"potentialAction\":[{\"@type\":\"ReadAction\",\"target\":[\"https:\/\/farandula.restaurant\/producto\/machoman\/\"]}]},{\"@type\":\"BreadcrumbList\",\"@id\":\"https:\/\/farandula.restaurant\/producto\/machoman\/#breadcrumb\",\"itemListElement\":[{\"@type\":\"ListItem\",\"position\":1,\"name\":\"Portada\",\"item\":\"https:\/\/farandula.restaurant\/\"},{\"@type\":\"ListItem\",\"position\":2,\"name\":\"Productos\",\"item\":\"https:\/\/farandula.restaurant\/shop\/\"},{\"@type\":\"ListItem\",\"position\":3,\"name\":\"Machoman\"}]},{\"@type\":\"WebSite\",\"@id\":\"https:\/\/farandula.restaurant\/#website\",\"url\":\"https:\/\/farandula.restaurant\/\",\"name\":\"Restaurante Far\u00e1ndula\",\"description\":\"Restaurante Far\u00e1ndula\",\"publisher\":{\"@id\":\"https:\/\/farandula.restaurant\/#organization\"},\"potentialAction\":[{\"@type\":\"SearchAction\",\"target\":{\"@type\":\"EntryPoint\",\"urlTemplate\":\"https:\/\/farandula.restaurant\/?s={search_term_string}\"},\"query-input\":{\"@type\":\"PropertyValueSpecification\",\"valueRequired\":true,\"valueName\":\"search_term_string\"}}],\"inLanguage\":\"en-GB\"},{\"@type\":\"Organization\",\"@id\":\"https:\/\/farandula.restaurant\/#organization\",\"name\":\"Restaurante Far\u00e1ndula\",\"url\":\"https:\/\/farandula.restaurant\/\",\"logo\":{\"@type\":\"ImageObject\",\"inLanguage\":\"en-GB\",\"@id\":\"https:\/\/farandula.restaurant\/#\/schema\/logo\/image\/\",\"url\":\"https:\/\/farandula.restaurant\/wp-content\/uploads\/2024\/02\/LOGO-FARANDULA-NEGRO-WEB-scaled.png\",\"contentUrl\":\"https:\/\/farandula.restaurant\/wp-content\/uploads\/2024\/02\/LOGO-FARANDULA-NEGRO-WEB-scaled.png\",\"width\":2560,\"height\":1022,\"caption\":\"Restaurante Far\u00e1ndula\"},\"image\":{\"@id\":\"https:\/\/farandula.restaurant\/#\/schema\/logo\/image\/\"}}]}<\/script>\n<!-- \/ Yoast SEO plugin. -->","yoast_head_json":{"title":"Machoman - Restaurante Far\u00e1ndula","robots":{"index":"noindex","follow":"follow","max-snippet":"max-snippet:-1","max-image-preview":"max-image-preview:large","max-video-preview":"max-video-preview:-1"},"og_locale":"en_GB","og_type":"article","og_title":"Machoman - Restaurante Far\u00e1ndula","og_description":"(Monastrell) (Casa Rojo- D.O. Murcia) Seleccionado mejor vino de Espa\u00f1a en su categor\u00eda en Alemania, es la expresi\u00f3n mas \u00abrockera\u00bb y fresca de la monastrell. 12 meses de barrica de roble franc\u00e9s y americano. Largo en la boca. \u00a1Oh yeeeah!","og_url":"https:\/\/farandula.restaurant\/en\/product\/machoman\/","og_site_name":"Restaurante Far\u00e1ndula","article_modified_time":"2024-03-26T23:51:43+00:00","twitter_card":"summary_large_image","schema":{"@context":"https:\/\/schema.org","@graph":[{"@type":"WebPage","@id":"https:\/\/farandula.restaurant\/producto\/machoman\/","url":"https:\/\/farandula.restaurant\/producto\/machoman\/","name":"Machoman - Restaurante Far\u00e1ndula","isPartOf":{"@id":"https:\/\/farandula.restaurant\/#website"},"datePublished":"2024-03-26T01:58:38+00:00","dateModified":"2024-03-26T23:51:43+00:00","breadcrumb":{"@id":"https:\/\/farandula.restaurant\/producto\/machoman\/#breadcrumb"},"inLanguage":"en-GB","potentialAction":[{"@type":"ReadAction","target":["https:\/\/farandula.restaurant\/producto\/machoman\/"]}]},{"@type":"BreadcrumbList","@id":"https:\/\/farandula.restaurant\/producto\/machoman\/#breadcrumb","itemListElement":[{"@type":"ListItem","position":1,"name":"Portada","item":"https:\/\/farandula.restaurant\/"},{"@type":"ListItem","position":2,"name":"Productos","item":"https:\/\/farandula.restaurant\/shop\/"},{"@type":"ListItem","position":3,"name":"Machoman"}]},{"@type":"WebSite","@id":"https:\/\/farandula.restaurant\/#website","url":"https:\/\/farandula.restaurant\/","name":"Restaurante Far\u00e1ndula","description":"Restaurante Far\u00e1ndula","publisher":{"@id":"https:\/\/farandula.restaurant\/#organization"},"potentialAction":[{"@type":"SearchAction","target":{"@type":"EntryPoint","urlTemplate":"https:\/\/farandula.restaurant\/?s={search_term_string}"},"query-input":{"@type":"PropertyValueSpecification","valueRequired":true,"valueName":"search_term_string"}}],"inLanguage":"en-GB"},{"@type":"Organization","@id":"https:\/\/farandula.restaurant\/#organization","name":"Restaurante Far\u00e1ndula","url":"https:\/\/farandula.restaurant\/","logo":{"@type":"ImageObject","inLanguage":"en-GB","@id":"https:\/\/farandula.restaurant\/#\/schema\/logo\/image\/","url":"https:\/\/farandula.restaurant\/wp-content\/uploads\/2024\/02\/LOGO-FARANDULA-NEGRO-WEB-scaled.png","contentUrl":"https:\/\/farandula.restaurant\/wp-content\/uploads\/2024\/02\/LOGO-FARANDULA-NEGRO-WEB-scaled.png","width":2560,"height":1022,"caption":"Restaurante Far\u00e1ndula"},"image":{"@id":"https:\/\/farandula.restaurant\/#\/schema\/logo\/image\/"}}]}},"_links":{"self":[{"href":"https:\/\/farandula.restaurant\/en\/wp-json\/wp\/v2\/product\/478","targetHints":{"allow":["GET"]}}],"collection":[{"href":"https:\/\/farandula.restaurant\/en\/wp-json\/wp\/v2\/product"}],"about":[{"href":"https:\/\/farandula.restaurant\/en\/wp-json\/wp\/v2\/types\/product"}],"replies":[{"embeddable":true,"href":"https:\/\/farandula.restaurant\/en\/wp-json\/wp\/v2\/comments?post=478"}],"wp:attachment":[{"href":"https:\/\/farandula.restaurant\/en\/wp-json\/wp\/v2\/media?parent=478"}],"wp:term":[{"taxonomy":"product_brand","embeddable":true,"href":"https:\/\/farandula.restaurant\/en\/wp-json\/wp\/v2\/product_brand?post=478"},{"taxonomy":"product_cat","embeddable":true,"href":"https:\/\/farandula.restaurant\/en\/wp-json\/wp\/v2\/product_cat?post=478"},{"taxonomy":"product_tag","embeddable":true,"href":"https:\/\/farandula.restaurant\/en\/wp-json\/wp\/v2\/product_tag?post=478"}],"curies":[{"name":"wp","href":"https:\/\/api.w.org\/{rel}","templated":true}]}}