{"id":477,"date":"2024-03-26T01:58:37","date_gmt":"2024-03-26T01:58:37","guid":{"rendered":"https:\/\/farandula.restaurant\/producto\/clon-98\/"},"modified":"2024-03-27T10:25:41","modified_gmt":"2024-03-27T10:25:41","slug":"clon-98","status":"publish","type":"product","link":"https:\/\/farandula.restaurant\/en\/product\/clon-98\/","title":{"rendered":"Clone 98"},"content":{"rendered":"<p>(Tinto fino) (Casa Rojo- Ribera del Duero) (Casa Rojo- Ribera del Duero) Why is it that this wine reminds me of Melody's song - Gorilla? After three glasses, you are already able to dance to it. French oak barrel 180 days. This wine invites us to discover, black plum, blackberry and fine herbs.<\/p>","protected":false},"excerpt":{"rendered":"<p>(Tinto fino) (Casa Rojo- Ribera del Duero) (Casa Rojo- Ribera del Duero) Why is it that this wine reminds me of Melody's song - Gorilla? After three glasses, you are already able to dance to it. French oak barrel 180 days. This wine invites us to discover, black plum, blackberry and fine herbs.<\/p>","protected":false},"featured_media":0,"comment_status":"open","ping_status":"closed","template":"","meta":[],"product_brand":[],"product_cat":[31],"product_tag":[],"class_list":{"0":"post-477","1":"product","2":"type-product","3":"status-publish","5":"product_cat-vino-tinto","7":"first","8":"instock","9":"shipping-taxable","10":"purchasable","11":"product-type-simple"},"yoast_head":"<!-- This site is optimized with the Yoast SEO plugin v25.2 - https:\/\/yoast.com\/wordpress\/plugins\/seo\/ -->\n<title>Clon 98 - Restaurante Far\u00e1ndula<\/title>\n<meta name=\"robots\" content=\"noindex, follow, max-snippet:-1, max-image-preview:large, max-video-preview:-1\" \/>\n<meta property=\"og:locale\" content=\"en_GB\" \/>\n<meta property=\"og:type\" content=\"article\" \/>\n<meta property=\"og:title\" content=\"Clon 98 - Restaurante Far\u00e1ndula\" \/>\n<meta property=\"og:description\" content=\"(Tinto fino) (Casa Rojo- Ribera del Duero) (Casa Rojo- Ribera del Duero) \u00bfPor qu\u00e9 ser\u00e1 que este vino me recuerda a la canci\u00f3n de Melody &#8211; Gorila? Despu\u00e9s de tres copas, ya eres capaz de bailarla. Barrica de roble franc\u00e9s 180 d\u00edas. Este vino nos invita a descubrir, sabor ciruela negra, mora y finas hierbas.\" \/>\n<meta property=\"og:url\" content=\"https:\/\/farandula.restaurant\/en\/product\/clon-98\/\" \/>\n<meta property=\"og:site_name\" content=\"Restaurante Far\u00e1ndula\" \/>\n<meta property=\"article:modified_time\" content=\"2024-03-27T10:25:41+00:00\" \/>\n<meta name=\"twitter:card\" content=\"summary_large_image\" \/>\n<script type=\"application\/ld+json\" class=\"yoast-schema-graph\">{\"@context\":\"https:\/\/schema.org\",\"@graph\":[{\"@type\":\"WebPage\",\"@id\":\"https:\/\/farandula.restaurant\/producto\/clon-98\/\",\"url\":\"https:\/\/farandula.restaurant\/producto\/clon-98\/\",\"name\":\"Clon 98 - Restaurante Far\u00e1ndula\",\"isPartOf\":{\"@id\":\"https:\/\/farandula.restaurant\/#website\"},\"datePublished\":\"2024-03-26T01:58:37+00:00\",\"dateModified\":\"2024-03-27T10:25:41+00:00\",\"breadcrumb\":{\"@id\":\"https:\/\/farandula.restaurant\/producto\/clon-98\/#breadcrumb\"},\"inLanguage\":\"en-GB\",\"potentialAction\":[{\"@type\":\"ReadAction\",\"target\":[\"https:\/\/farandula.restaurant\/producto\/clon-98\/\"]}]},{\"@type\":\"BreadcrumbList\",\"@id\":\"https:\/\/farandula.restaurant\/producto\/clon-98\/#breadcrumb\",\"itemListElement\":[{\"@type\":\"ListItem\",\"position\":1,\"name\":\"Portada\",\"item\":\"https:\/\/farandula.restaurant\/\"},{\"@type\":\"ListItem\",\"position\":2,\"name\":\"Productos\",\"item\":\"https:\/\/farandula.restaurant\/shop\/\"},{\"@type\":\"ListItem\",\"position\":3,\"name\":\"Clon 98\"}]},{\"@type\":\"WebSite\",\"@id\":\"https:\/\/farandula.restaurant\/#website\",\"url\":\"https:\/\/farandula.restaurant\/\",\"name\":\"Restaurante Far\u00e1ndula\",\"description\":\"Restaurante Far\u00e1ndula\",\"publisher\":{\"@id\":\"https:\/\/farandula.restaurant\/#organization\"},\"potentialAction\":[{\"@type\":\"SearchAction\",\"target\":{\"@type\":\"EntryPoint\",\"urlTemplate\":\"https:\/\/farandula.restaurant\/?s={search_term_string}\"},\"query-input\":{\"@type\":\"PropertyValueSpecification\",\"valueRequired\":true,\"valueName\":\"search_term_string\"}}],\"inLanguage\":\"en-GB\"},{\"@type\":\"Organization\",\"@id\":\"https:\/\/farandula.restaurant\/#organization\",\"name\":\"Restaurante Far\u00e1ndula\",\"url\":\"https:\/\/farandula.restaurant\/\",\"logo\":{\"@type\":\"ImageObject\",\"inLanguage\":\"en-GB\",\"@id\":\"https:\/\/farandula.restaurant\/#\/schema\/logo\/image\/\",\"url\":\"https:\/\/farandula.restaurant\/wp-content\/uploads\/2024\/02\/LOGO-FARANDULA-NEGRO-WEB-scaled.png\",\"contentUrl\":\"https:\/\/farandula.restaurant\/wp-content\/uploads\/2024\/02\/LOGO-FARANDULA-NEGRO-WEB-scaled.png\",\"width\":2560,\"height\":1022,\"caption\":\"Restaurante Far\u00e1ndula\"},\"image\":{\"@id\":\"https:\/\/farandula.restaurant\/#\/schema\/logo\/image\/\"}}]}<\/script>\n<!-- \/ Yoast SEO plugin. -->","yoast_head_json":{"title":"Clon 98 - Restaurante Far\u00e1ndula","robots":{"index":"noindex","follow":"follow","max-snippet":"max-snippet:-1","max-image-preview":"max-image-preview:large","max-video-preview":"max-video-preview:-1"},"og_locale":"en_GB","og_type":"article","og_title":"Clon 98 - Restaurante Far\u00e1ndula","og_description":"(Tinto fino) (Casa Rojo- Ribera del Duero) (Casa Rojo- Ribera del Duero) \u00bfPor qu\u00e9 ser\u00e1 que este vino me recuerda a la canci\u00f3n de Melody &#8211; Gorila? Despu\u00e9s de tres copas, ya eres capaz de bailarla. Barrica de roble franc\u00e9s 180 d\u00edas. Este vino nos invita a descubrir, sabor ciruela negra, mora y finas hierbas.","og_url":"https:\/\/farandula.restaurant\/en\/product\/clon-98\/","og_site_name":"Restaurante Far\u00e1ndula","article_modified_time":"2024-03-27T10:25:41+00:00","twitter_card":"summary_large_image","schema":{"@context":"https:\/\/schema.org","@graph":[{"@type":"WebPage","@id":"https:\/\/farandula.restaurant\/producto\/clon-98\/","url":"https:\/\/farandula.restaurant\/producto\/clon-98\/","name":"Clon 98 - Restaurante Far\u00e1ndula","isPartOf":{"@id":"https:\/\/farandula.restaurant\/#website"},"datePublished":"2024-03-26T01:58:37+00:00","dateModified":"2024-03-27T10:25:41+00:00","breadcrumb":{"@id":"https:\/\/farandula.restaurant\/producto\/clon-98\/#breadcrumb"},"inLanguage":"en-GB","potentialAction":[{"@type":"ReadAction","target":["https:\/\/farandula.restaurant\/producto\/clon-98\/"]}]},{"@type":"BreadcrumbList","@id":"https:\/\/farandula.restaurant\/producto\/clon-98\/#breadcrumb","itemListElement":[{"@type":"ListItem","position":1,"name":"Portada","item":"https:\/\/farandula.restaurant\/"},{"@type":"ListItem","position":2,"name":"Productos","item":"https:\/\/farandula.restaurant\/shop\/"},{"@type":"ListItem","position":3,"name":"Clon 98"}]},{"@type":"WebSite","@id":"https:\/\/farandula.restaurant\/#website","url":"https:\/\/farandula.restaurant\/","name":"Restaurante Far\u00e1ndula","description":"Restaurante Far\u00e1ndula","publisher":{"@id":"https:\/\/farandula.restaurant\/#organization"},"potentialAction":[{"@type":"SearchAction","target":{"@type":"EntryPoint","urlTemplate":"https:\/\/farandula.restaurant\/?s={search_term_string}"},"query-input":{"@type":"PropertyValueSpecification","valueRequired":true,"valueName":"search_term_string"}}],"inLanguage":"en-GB"},{"@type":"Organization","@id":"https:\/\/farandula.restaurant\/#organization","name":"Restaurante Far\u00e1ndula","url":"https:\/\/farandula.restaurant\/","logo":{"@type":"ImageObject","inLanguage":"en-GB","@id":"https:\/\/farandula.restaurant\/#\/schema\/logo\/image\/","url":"https:\/\/farandula.restaurant\/wp-content\/uploads\/2024\/02\/LOGO-FARANDULA-NEGRO-WEB-scaled.png","contentUrl":"https:\/\/farandula.restaurant\/wp-content\/uploads\/2024\/02\/LOGO-FARANDULA-NEGRO-WEB-scaled.png","width":2560,"height":1022,"caption":"Restaurante Far\u00e1ndula"},"image":{"@id":"https:\/\/farandula.restaurant\/#\/schema\/logo\/image\/"}}]}},"_links":{"self":[{"href":"https:\/\/farandula.restaurant\/en\/wp-json\/wp\/v2\/product\/477","targetHints":{"allow":["GET"]}}],"collection":[{"href":"https:\/\/farandula.restaurant\/en\/wp-json\/wp\/v2\/product"}],"about":[{"href":"https:\/\/farandula.restaurant\/en\/wp-json\/wp\/v2\/types\/product"}],"replies":[{"embeddable":true,"href":"https:\/\/farandula.restaurant\/en\/wp-json\/wp\/v2\/comments?post=477"}],"wp:attachment":[{"href":"https:\/\/farandula.restaurant\/en\/wp-json\/wp\/v2\/media?parent=477"}],"wp:term":[{"taxonomy":"product_brand","embeddable":true,"href":"https:\/\/farandula.restaurant\/en\/wp-json\/wp\/v2\/product_brand?post=477"},{"taxonomy":"product_cat","embeddable":true,"href":"https:\/\/farandula.restaurant\/en\/wp-json\/wp\/v2\/product_cat?post=477"},{"taxonomy":"product_tag","embeddable":true,"href":"https:\/\/farandula.restaurant\/en\/wp-json\/wp\/v2\/product_tag?post=477"}],"curies":[{"name":"wp","href":"https:\/\/api.w.org\/{rel}","templated":true}]}}