{"id":451,"date":"2024-03-26T01:58:31","date_gmt":"2024-03-26T01:58:31","guid":{"rendered":"https:\/\/farandula.restaurant\/producto\/hopp\/"},"modified":"2024-03-27T10:19:16","modified_gmt":"2024-03-27T10:19:16","slug":"hopp","status":"publish","type":"product","link":"https:\/\/farandula.restaurant\/en\/product\/hopp\/","title":{"rendered":"Hopp"},"content":{"rendered":"<p>(Finca Parera) Our wild and enjoyable sparkling wine. Ancestral wine of the Far\u00e1ndula. Freshness, flavour and sparkle. Its natural vinification and its permanence with the skins give it that attractive orange colour.<\/p>","protected":false},"excerpt":{"rendered":"<p>(Finca Parera) Our wild and enjoyable sparkling wine. Ancestral wine of the Far\u00e1ndula. Freshness, flavour and sparkle. Its natural vinification and its permanence with the skins give it that attractive orange colour.<\/p>","protected":false},"featured_media":0,"comment_status":"open","ping_status":"closed","template":"","meta":[],"product_brand":[],"product_cat":[28],"product_tag":[],"class_list":{"0":"post-451","1":"product","2":"type-product","3":"status-publish","5":"product_cat-vino-espumoso","7":"first","8":"instock","9":"shipping-taxable","10":"purchasable","11":"product-type-simple"},"yoast_head":"<!-- This site is optimized with the Yoast SEO plugin v25.2 - https:\/\/yoast.com\/wordpress\/plugins\/seo\/ -->\n<title>Hopp - Restaurante Far\u00e1ndula<\/title>\n<meta name=\"robots\" content=\"noindex, follow, max-snippet:-1, max-image-preview:large, max-video-preview:-1\" \/>\n<meta property=\"og:locale\" content=\"en_GB\" \/>\n<meta property=\"og:type\" content=\"article\" \/>\n<meta property=\"og:title\" content=\"Hopp - Restaurante Far\u00e1ndula\" \/>\n<meta property=\"og:description\" content=\"(Finca Parera) Nuestro Espumoso disfrut\u00f3n y salvaje. Vino Ancestral de la Far\u00e1ndula. Frescura, sabor y chispa. Su vinificaci\u00f3n natural y su permanencia con los hollejos le dan ese atractivo color anaranjado.\" \/>\n<meta property=\"og:url\" content=\"https:\/\/farandula.restaurant\/en\/product\/hopp\/\" \/>\n<meta property=\"og:site_name\" content=\"Restaurante Far\u00e1ndula\" \/>\n<meta property=\"article:modified_time\" content=\"2024-03-27T10:19:16+00:00\" \/>\n<meta name=\"twitter:card\" content=\"summary_large_image\" \/>\n<script type=\"application\/ld+json\" class=\"yoast-schema-graph\">{\"@context\":\"https:\/\/schema.org\",\"@graph\":[{\"@type\":\"WebPage\",\"@id\":\"https:\/\/farandula.restaurant\/producto\/hopp\/\",\"url\":\"https:\/\/farandula.restaurant\/producto\/hopp\/\",\"name\":\"Hopp - Restaurante Far\u00e1ndula\",\"isPartOf\":{\"@id\":\"https:\/\/farandula.restaurant\/#website\"},\"datePublished\":\"2024-03-26T01:58:31+00:00\",\"dateModified\":\"2024-03-27T10:19:16+00:00\",\"breadcrumb\":{\"@id\":\"https:\/\/farandula.restaurant\/producto\/hopp\/#breadcrumb\"},\"inLanguage\":\"en-GB\",\"potentialAction\":[{\"@type\":\"ReadAction\",\"target\":[\"https:\/\/farandula.restaurant\/producto\/hopp\/\"]}]},{\"@type\":\"BreadcrumbList\",\"@id\":\"https:\/\/farandula.restaurant\/producto\/hopp\/#breadcrumb\",\"itemListElement\":[{\"@type\":\"ListItem\",\"position\":1,\"name\":\"Portada\",\"item\":\"https:\/\/farandula.restaurant\/\"},{\"@type\":\"ListItem\",\"position\":2,\"name\":\"Productos\",\"item\":\"https:\/\/farandula.restaurant\/shop\/\"},{\"@type\":\"ListItem\",\"position\":3,\"name\":\"Hopp\"}]},{\"@type\":\"WebSite\",\"@id\":\"https:\/\/farandula.restaurant\/#website\",\"url\":\"https:\/\/farandula.restaurant\/\",\"name\":\"Restaurante Far\u00e1ndula\",\"description\":\"Restaurante Far\u00e1ndula\",\"publisher\":{\"@id\":\"https:\/\/farandula.restaurant\/#organization\"},\"potentialAction\":[{\"@type\":\"SearchAction\",\"target\":{\"@type\":\"EntryPoint\",\"urlTemplate\":\"https:\/\/farandula.restaurant\/?s={search_term_string}\"},\"query-input\":{\"@type\":\"PropertyValueSpecification\",\"valueRequired\":true,\"valueName\":\"search_term_string\"}}],\"inLanguage\":\"en-GB\"},{\"@type\":\"Organization\",\"@id\":\"https:\/\/farandula.restaurant\/#organization\",\"name\":\"Restaurante Far\u00e1ndula\",\"url\":\"https:\/\/farandula.restaurant\/\",\"logo\":{\"@type\":\"ImageObject\",\"inLanguage\":\"en-GB\",\"@id\":\"https:\/\/farandula.restaurant\/#\/schema\/logo\/image\/\",\"url\":\"https:\/\/farandula.restaurant\/wp-content\/uploads\/2024\/02\/LOGO-FARANDULA-NEGRO-WEB-scaled.png\",\"contentUrl\":\"https:\/\/farandula.restaurant\/wp-content\/uploads\/2024\/02\/LOGO-FARANDULA-NEGRO-WEB-scaled.png\",\"width\":2560,\"height\":1022,\"caption\":\"Restaurante Far\u00e1ndula\"},\"image\":{\"@id\":\"https:\/\/farandula.restaurant\/#\/schema\/logo\/image\/\"}}]}<\/script>\n<!-- \/ Yoast SEO plugin. -->","yoast_head_json":{"title":"Hopp - Restaurante Far\u00e1ndula","robots":{"index":"noindex","follow":"follow","max-snippet":"max-snippet:-1","max-image-preview":"max-image-preview:large","max-video-preview":"max-video-preview:-1"},"og_locale":"en_GB","og_type":"article","og_title":"Hopp - Restaurante Far\u00e1ndula","og_description":"(Finca Parera) Nuestro Espumoso disfrut\u00f3n y salvaje. Vino Ancestral de la Far\u00e1ndula. Frescura, sabor y chispa. Su vinificaci\u00f3n natural y su permanencia con los hollejos le dan ese atractivo color anaranjado.","og_url":"https:\/\/farandula.restaurant\/en\/product\/hopp\/","og_site_name":"Restaurante Far\u00e1ndula","article_modified_time":"2024-03-27T10:19:16+00:00","twitter_card":"summary_large_image","schema":{"@context":"https:\/\/schema.org","@graph":[{"@type":"WebPage","@id":"https:\/\/farandula.restaurant\/producto\/hopp\/","url":"https:\/\/farandula.restaurant\/producto\/hopp\/","name":"Hopp - Restaurante Far\u00e1ndula","isPartOf":{"@id":"https:\/\/farandula.restaurant\/#website"},"datePublished":"2024-03-26T01:58:31+00:00","dateModified":"2024-03-27T10:19:16+00:00","breadcrumb":{"@id":"https:\/\/farandula.restaurant\/producto\/hopp\/#breadcrumb"},"inLanguage":"en-GB","potentialAction":[{"@type":"ReadAction","target":["https:\/\/farandula.restaurant\/producto\/hopp\/"]}]},{"@type":"BreadcrumbList","@id":"https:\/\/farandula.restaurant\/producto\/hopp\/#breadcrumb","itemListElement":[{"@type":"ListItem","position":1,"name":"Portada","item":"https:\/\/farandula.restaurant\/"},{"@type":"ListItem","position":2,"name":"Productos","item":"https:\/\/farandula.restaurant\/shop\/"},{"@type":"ListItem","position":3,"name":"Hopp"}]},{"@type":"WebSite","@id":"https:\/\/farandula.restaurant\/#website","url":"https:\/\/farandula.restaurant\/","name":"Restaurante Far\u00e1ndula","description":"Restaurante Far\u00e1ndula","publisher":{"@id":"https:\/\/farandula.restaurant\/#organization"},"potentialAction":[{"@type":"SearchAction","target":{"@type":"EntryPoint","urlTemplate":"https:\/\/farandula.restaurant\/?s={search_term_string}"},"query-input":{"@type":"PropertyValueSpecification","valueRequired":true,"valueName":"search_term_string"}}],"inLanguage":"en-GB"},{"@type":"Organization","@id":"https:\/\/farandula.restaurant\/#organization","name":"Restaurante Far\u00e1ndula","url":"https:\/\/farandula.restaurant\/","logo":{"@type":"ImageObject","inLanguage":"en-GB","@id":"https:\/\/farandula.restaurant\/#\/schema\/logo\/image\/","url":"https:\/\/farandula.restaurant\/wp-content\/uploads\/2024\/02\/LOGO-FARANDULA-NEGRO-WEB-scaled.png","contentUrl":"https:\/\/farandula.restaurant\/wp-content\/uploads\/2024\/02\/LOGO-FARANDULA-NEGRO-WEB-scaled.png","width":2560,"height":1022,"caption":"Restaurante Far\u00e1ndula"},"image":{"@id":"https:\/\/farandula.restaurant\/#\/schema\/logo\/image\/"}}]}},"_links":{"self":[{"href":"https:\/\/farandula.restaurant\/en\/wp-json\/wp\/v2\/product\/451","targetHints":{"allow":["GET"]}}],"collection":[{"href":"https:\/\/farandula.restaurant\/en\/wp-json\/wp\/v2\/product"}],"about":[{"href":"https:\/\/farandula.restaurant\/en\/wp-json\/wp\/v2\/types\/product"}],"replies":[{"embeddable":true,"href":"https:\/\/farandula.restaurant\/en\/wp-json\/wp\/v2\/comments?post=451"}],"wp:attachment":[{"href":"https:\/\/farandula.restaurant\/en\/wp-json\/wp\/v2\/media?parent=451"}],"wp:term":[{"taxonomy":"product_brand","embeddable":true,"href":"https:\/\/farandula.restaurant\/en\/wp-json\/wp\/v2\/product_brand?post=451"},{"taxonomy":"product_cat","embeddable":true,"href":"https:\/\/farandula.restaurant\/en\/wp-json\/wp\/v2\/product_cat?post=451"},{"taxonomy":"product_tag","embeddable":true,"href":"https:\/\/farandula.restaurant\/en\/wp-json\/wp\/v2\/product_tag?post=451"}],"curies":[{"name":"wp","href":"https:\/\/api.w.org\/{rel}","templated":true}]}}